{"id":217,"date":"2024-07-03T19:43:56","date_gmt":"2024-07-03T19:43:56","guid":{"rendered":"https:\/\/elektroteq.de\/?page_id=217"},"modified":"2025-02-11T12:36:20","modified_gmt":"2025-02-11T12:36:20","slug":"team","status":"publish","type":"page","link":"https:\/\/elektroteq.de\/start\/team\/","title":{"rendered":"\u00dcber uns"},"content":{"rendered":"\t\t<div data-elementor-type=\"wp-page\" data-elementor-id=\"217\" class=\"elementor elementor-217\" data-elementor-post-type=\"page\">\n\t\t\t\t<div class=\"elementor-element elementor-element-1a64f991 e-con-full e-flex e-con e-parent\" data-id=\"1a64f991\" data-element_type=\"container\" data-e-type=\"container\" data-settings=\"{&quot;background_background&quot;:&quot;classic&quot;}\">\n\t\t<div class=\"elementor-element elementor-element-68b59645 e-con-full e-flex e-con e-child\" data-id=\"68b59645\" data-element_type=\"container\" data-e-type=\"container\">\n\t\t\t\t<div class=\"elementor-element elementor-element-5e52d2b8 elementor-widget elementor-widget-heading\" data-id=\"5e52d2b8\" data-element_type=\"widget\" data-e-type=\"widget\" data-widget_type=\"heading.default\">\n\t\t\t\t<div class=\"elementor-widget-container\">\n\t\t\t\t\t<h1 class=\"elementor-heading-title elementor-size-default\">Lassen Sie uns reden! Wir freuen uns auf Ihr Projekt!<\/h1>\t\t\t\t<\/div>\n\t\t\t\t<\/div>\n\t\t\t\t<div class=\"elementor-element elementor-element-2056d897 elementor-widget elementor-widget-text-editor\" data-id=\"2056d897\" data-element_type=\"widget\" data-e-type=\"widget\" data-widget_type=\"text-editor.default\">\n\t\t\t\t<div class=\"elementor-widget-container\">\n\t\t\t\t\t\t\t\t\t<p>Bei Elektroteq erhalten Sie nicht nur erstklassige Fachkompetenz, sondern auch einen Rundum-Service von der Beratung bis zur Umsetzung. Vertrauen Sie auf unsere Erfahrung und lassen Sie uns gemeinsam innovative L\u00f6sungen f\u00fcr Ihre elektrotechnischen Herausforderungen finden.<\/p>\t\t\t\t\t\t\t\t<\/div>\n\t\t\t\t<\/div>\n\t\t\t\t<div class=\"elementor-element elementor-element-29e2cebe elementor-mobile-align-center elementor-widget elementor-widget-button\" data-id=\"29e2cebe\" data-element_type=\"widget\" data-e-type=\"widget\" data-widget_type=\"button.default\">\n\t\t\t\t<div class=\"elementor-widget-container\">\n\t\t\t\t\t\t\t\t\t<div class=\"elementor-button-wrapper\">\n\t\t\t\t\t<a class=\"elementor-button elementor-button-link elementor-size-sm\" href=\"https:\/\/elektroteq.de\/kontakt\/\">\n\t\t\t\t\t\t<span class=\"elementor-button-content-wrapper\">\n\t\t\t\t\t\t\t\t\t<span class=\"elementor-button-text\">Schreiben Sie uns<\/span>\n\t\t\t\t\t<\/span>\n\t\t\t\t\t<\/a>\n\t\t\t\t<\/div>\n\t\t\t\t\t\t\t\t<\/div>\n\t\t\t\t<\/div>\n\t\t\t\t<\/div>\n\t\t<div class=\"elementor-element elementor-element-6a1bbf6e e-con-full e-flex e-con e-child\" data-id=\"6a1bbf6e\" data-element_type=\"container\" data-e-type=\"container\">\n\t\t\t\t<div class=\"elementor-element elementor-element-2f17776 elementor-widget elementor-widget-image\" data-id=\"2f17776\" data-element_type=\"widget\" data-e-type=\"widget\" data-widget_type=\"image.default\">\n\t\t\t\t<div class=\"elementor-widget-container\">\n\t\t\t\t\t\t\t\t\t\t\t\t\t\t\t<img fetchpriority=\"high\" decoding=\"async\" width=\"1024\" height=\"512\" src=\"https:\/\/elektroteq.de\/wp-content\/uploads\/2024\/07\/knx-meterkast-2000x1000-1-1024x512.jpg\" class=\"attachment-large size-large wp-image-95\" alt=\"\" srcset=\"https:\/\/elektroteq.de\/wp-content\/uploads\/2024\/07\/knx-meterkast-2000x1000-1-1024x512.jpg 1024w, https:\/\/elektroteq.de\/wp-content\/uploads\/2024\/07\/knx-meterkast-2000x1000-1-300x150.jpg 300w, https:\/\/elektroteq.de\/wp-content\/uploads\/2024\/07\/knx-meterkast-2000x1000-1-768x384.jpg 768w, https:\/\/elektroteq.de\/wp-content\/uploads\/2024\/07\/knx-meterkast-2000x1000-1-1536x768.jpg 1536w, https:\/\/elektroteq.de\/wp-content\/uploads\/2024\/07\/knx-meterkast-2000x1000-1.jpg 2000w\" sizes=\"(max-width: 1024px) 100vw, 1024px\" \/>\t\t\t\t\t\t\t\t\t\t\t\t\t\t\t<\/div>\n\t\t\t\t<\/div>\n\t\t\t\t<\/div>\n\t\t\t\t<\/div>\n\t\t<div class=\"elementor-element elementor-element-4dc9695 e-flex e-con-boxed e-con e-parent\" data-id=\"4dc9695\" data-element_type=\"container\" data-e-type=\"container\">\n\t\t\t\t\t<div class=\"e-con-inner\">\n\t\t\t\t<div class=\"elementor-element elementor-element-930593f elementor-widget elementor-widget-image\" data-id=\"930593f\" data-element_type=\"widget\" data-e-type=\"widget\" data-widget_type=\"image.default\">\n\t\t\t\t<div class=\"elementor-widget-container\">\n\t\t\t\t\t\t\t\t\t\t\t\t\t\t\t<img decoding=\"async\" width=\"1024\" height=\"682\" src=\"https:\/\/elektroteq.de\/wp-content\/uploads\/2024\/07\/2807_1_1280-0-0_-1024x682.jpg\" class=\"attachment-large size-large wp-image-61\" alt=\"\" srcset=\"https:\/\/elektroteq.de\/wp-content\/uploads\/2024\/07\/2807_1_1280-0-0_-1024x682.jpg 1024w, https:\/\/elektroteq.de\/wp-content\/uploads\/2024\/07\/2807_1_1280-0-0_-300x200.jpg 300w, https:\/\/elektroteq.de\/wp-content\/uploads\/2024\/07\/2807_1_1280-0-0_-768x512.jpg 768w, https:\/\/elektroteq.de\/wp-content\/uploads\/2024\/07\/2807_1_1280-0-0_.jpg 1280w\" sizes=\"(max-width: 1024px) 100vw, 1024px\" \/>\t\t\t\t\t\t\t\t\t\t\t\t\t\t\t<\/div>\n\t\t\t\t<\/div>\n\t\t\t\t\t<\/div>\n\t\t\t\t<\/div>\n\t\t<div class=\"elementor-element elementor-element-4a2cbed e-flex e-con-boxed e-con e-parent\" data-id=\"4a2cbed\" data-element_type=\"container\" data-e-type=\"container\">\n\t\t\t\t\t<div class=\"e-con-inner\">\n\t\t<div class=\"elementor-element elementor-element-71c1d03a e-con-full e-flex e-con e-child\" data-id=\"71c1d03a\" data-element_type=\"container\" data-e-type=\"container\">\n\t\t<div class=\"elementor-element elementor-element-157fd0d7 e-con-full e-flex e-con e-child\" data-id=\"157fd0d7\" data-element_type=\"container\" data-e-type=\"container\">\n\t\t\t\t<div class=\"elementor-element elementor-element-750c1003 elementor-widget elementor-widget-image\" data-id=\"750c1003\" data-element_type=\"widget\" data-e-type=\"widget\" data-widget_type=\"image.default\">\n\t\t\t\t<div class=\"elementor-widget-container\">\n\t\t\t\t\t\t\t\t\t\t\t\t\t\t\t\t<a href=\"https:\/\/elektroteq.de\/wp-content\/uploads\/2024\/07\/DSC06250-scaled.jpg\" data-elementor-open-lightbox=\"yes\" data-elementor-lightbox-title=\"DSC06250\" data-e-action-hash=\"#elementor-action%3Aaction%3Dlightbox%26settings%3DeyJpZCI6MzUwLCJ1cmwiOiJodHRwczpcL1wvZWxla3Ryb3RlcS5kZVwvd3AtY29udGVudFwvdXBsb2Fkc1wvMjAyNFwvMDdcL0RTQzA2MjUwLXNjYWxlZC5qcGcifQ%3D%3D\">\n\t\t\t\t\t\t\t<img decoding=\"async\" width=\"1024\" height=\"683\" src=\"https:\/\/elektroteq.de\/wp-content\/uploads\/2024\/07\/DSC06250-1024x683.jpg\" class=\"attachment-large size-large wp-image-350\" alt=\"\" srcset=\"https:\/\/elektroteq.de\/wp-content\/uploads\/2024\/07\/DSC06250-1024x683.jpg 1024w, https:\/\/elektroteq.de\/wp-content\/uploads\/2024\/07\/DSC06250-300x200.jpg 300w, https:\/\/elektroteq.de\/wp-content\/uploads\/2024\/07\/DSC06250-768x512.jpg 768w, https:\/\/elektroteq.de\/wp-content\/uploads\/2024\/07\/DSC06250-1536x1024.jpg 1536w, https:\/\/elektroteq.de\/wp-content\/uploads\/2024\/07\/DSC06250-2048x1365.jpg 2048w\" sizes=\"(max-width: 1024px) 100vw, 1024px\" \/>\t\t\t\t\t\t\t\t<\/a>\n\t\t\t\t\t\t\t\t\t\t\t\t\t\t\t<\/div>\n\t\t\t\t<\/div>\n\t\t\t\t<div class=\"elementor-element elementor-element-25244fbe elementor-widget elementor-widget-image\" data-id=\"25244fbe\" data-element_type=\"widget\" data-e-type=\"widget\" data-widget_type=\"image.default\">\n\t\t\t\t<div class=\"elementor-widget-container\">\n\t\t\t\t\t\t\t\t\t\t\t\t\t\t\t\t<a href=\"https:\/\/elektroteq.de\/wp-content\/uploads\/2024\/07\/Prospiech-Christian-GBP_1492.jpg\" data-elementor-open-lightbox=\"yes\" data-elementor-lightbox-title=\"Prospiech-Christian-GBP_1492\" data-e-action-hash=\"#elementor-action%3Aaction%3Dlightbox%26settings%3DeyJpZCI6MzUzLCJ1cmwiOiJodHRwczpcL1wvZWxla3Ryb3RlcS5kZVwvd3AtY29udGVudFwvdXBsb2Fkc1wvMjAyNFwvMDdcL1Byb3NwaWVjaC1DaHJpc3RpYW4tR0JQXzE0OTIuanBnIn0%3D\">\n\t\t\t\t\t\t\t<img decoding=\"async\" src=\"https:\/\/elektroteq.de\/wp-content\/uploads\/2024\/07\/Prospiech-Christian-GBP_1492.jpg\" title=\"Prospiech-Christian-GBP_1492\" alt=\"Prospiech-Christian-GBP_1492\" loading=\"lazy\" \/>\t\t\t\t\t\t\t\t<\/a>\n\t\t\t\t\t\t\t\t\t\t\t\t\t\t\t<\/div>\n\t\t\t\t<\/div>\n\t\t\t\t<\/div>\n\t\t<div class=\"elementor-element elementor-element-52c343a3 e-con-full e-flex e-con e-child\" data-id=\"52c343a3\" data-element_type=\"container\" data-e-type=\"container\">\n\t\t\t\t<div class=\"elementor-element elementor-element-38c06d01 elementor-widget elementor-widget-image\" data-id=\"38c06d01\" data-element_type=\"widget\" data-e-type=\"widget\" data-widget_type=\"image.default\">\n\t\t\t\t<div class=\"elementor-widget-container\">\n\t\t\t\t\t\t\t\t\t\t\t\t\t\t\t\t<a href=\"https:\/\/elektroteq.de\/wp-content\/uploads\/2024\/07\/DSC06187-scaled.jpg\" data-elementor-open-lightbox=\"yes\" data-elementor-lightbox-title=\"DSC06187\" data-e-action-hash=\"#elementor-action%3Aaction%3Dlightbox%26settings%3DeyJpZCI6MzQ1LCJ1cmwiOiJodHRwczpcL1wvZWxla3Ryb3RlcS5kZVwvd3AtY29udGVudFwvdXBsb2Fkc1wvMjAyNFwvMDdcL0RTQzA2MTg3LXNjYWxlZC5qcGcifQ%3D%3D\">\n\t\t\t\t\t\t\t<img loading=\"lazy\" decoding=\"async\" width=\"683\" height=\"1024\" src=\"https:\/\/elektroteq.de\/wp-content\/uploads\/2024\/07\/DSC06187-683x1024.jpg\" class=\"attachment-large size-large wp-image-345\" alt=\"\" srcset=\"https:\/\/elektroteq.de\/wp-content\/uploads\/2024\/07\/DSC06187-683x1024.jpg 683w, https:\/\/elektroteq.de\/wp-content\/uploads\/2024\/07\/DSC06187-200x300.jpg 200w, https:\/\/elektroteq.de\/wp-content\/uploads\/2024\/07\/DSC06187-768x1152.jpg 768w, https:\/\/elektroteq.de\/wp-content\/uploads\/2024\/07\/DSC06187-1024x1536.jpg 1024w, https:\/\/elektroteq.de\/wp-content\/uploads\/2024\/07\/DSC06187-1366x2048.jpg 1366w, https:\/\/elektroteq.de\/wp-content\/uploads\/2024\/07\/DSC06187-scaled.jpg 1707w\" sizes=\"(max-width: 683px) 100vw, 683px\" \/>\t\t\t\t\t\t\t\t<\/a>\n\t\t\t\t\t\t\t\t\t\t\t\t\t\t\t<\/div>\n\t\t\t\t<\/div>\n\t\t\t\t<\/div>\n\t\t\t\t<\/div>\n\t\t<div class=\"elementor-element elementor-element-332f4b63 e-con-full e-flex e-con e-child\" data-id=\"332f4b63\" data-element_type=\"container\" data-e-type=\"container\">\n\t\t\t\t<div class=\"elementor-element elementor-element-3f828874 elementor-widget elementor-widget-heading\" data-id=\"3f828874\" data-element_type=\"widget\" data-e-type=\"widget\" data-widget_type=\"heading.default\">\n\t\t\t\t<div class=\"elementor-widget-container\">\n\t\t\t\t\t<h2 class=\"elementor-heading-title elementor-size-default\">IHRE ANSPRECHPARTNER<\/h2>\t\t\t\t<\/div>\n\t\t\t\t<\/div>\n\t\t\t\t<div class=\"elementor-element elementor-element-15e5964e elementor-widget elementor-widget-text-editor\" data-id=\"15e5964e\" data-element_type=\"widget\" data-e-type=\"widget\" data-widget_type=\"text-editor.default\">\n\t\t\t\t<div class=\"elementor-widget-container\">\n\t\t\t\t\t\t\t\t\t<p>Beide Gesch\u00e4ftsf\u00fchrer haben Ihre Ausbildung erfolgreich im Handwerk absolviert und dort einiges an Erfahrung im Bereich Elektroinstallation sammeln k\u00f6nnen.<br \/>Anschlie\u00dfend folgte der Wechsel in die Industrie, und schnell wurde klar: Die Wissbegierde wird gr\u00f6\u00dfer und beide strebten eine Weiterbildung an, um sich pers\u00f6nlich und beruflich weiterzuentwickeln. Es folgten Anstellungen in leitender Position und allm\u00e4hlich reifte der Wunsch, die eigenen Kompetenzen in eine Selbstst\u00e4ndigkeit zu stecken.<br \/>Daraus entstand die GbR Elektroteq!<\/p>\t\t\t\t\t\t\t\t<\/div>\n\t\t\t\t<\/div>\n\t\t\t\t<div class=\"elementor-element elementor-element-4b8f3780 elementor-mobile-align-center elementor-invisible elementor-widget elementor-widget-button\" data-id=\"4b8f3780\" data-element_type=\"widget\" data-e-type=\"widget\" data-settings=\"{&quot;_animation&quot;:&quot;fadeInDown&quot;}\" data-widget_type=\"button.default\">\n\t\t\t\t<div class=\"elementor-widget-container\">\n\t\t\t\t\t\t\t\t\t<div class=\"elementor-button-wrapper\">\n\t\t\t\t\t<a class=\"elementor-button elementor-button-link elementor-size-sm\" href=\"https:\/\/elektroteq.de\/projekte\/\">\n\t\t\t\t\t\t<span class=\"elementor-button-content-wrapper\">\n\t\t\t\t\t\t\t\t\t<span class=\"elementor-button-text\">Mehr erfahren<\/span>\n\t\t\t\t\t<\/span>\n\t\t\t\t\t<\/a>\n\t\t\t\t<\/div>\n\t\t\t\t\t\t\t\t<\/div>\n\t\t\t\t<\/div>\n\t\t\t\t<\/div>\n\t\t\t\t\t<\/div>\n\t\t\t\t<\/div>\n\t\t<div class=\"elementor-element elementor-element-7e3e9654 e-con-full e-flex e-con e-parent\" data-id=\"7e3e9654\" data-element_type=\"container\" data-e-type=\"container\" id=\"next\">\n\t\t\t\t<div class=\"elementor-element elementor-element-3ccf0ed0 elementor-widget elementor-widget-heading\" data-id=\"3ccf0ed0\" data-element_type=\"widget\" data-e-type=\"widget\" data-widget_type=\"heading.default\">\n\t\t\t\t<div class=\"elementor-widget-container\">\n\t\t\t\t\t<h2 class=\"elementor-heading-title elementor-size-default\">Womit k\u00f6nnen wir Ihnen helfen?<\/h2>\t\t\t\t<\/div>\n\t\t\t\t<\/div>\n\t\t\t\t<div class=\"elementor-element elementor-element-2d1d85c6 elementor-widget elementor-widget-heading\" data-id=\"2d1d85c6\" data-element_type=\"widget\" data-e-type=\"widget\" data-widget_type=\"heading.default\">\n\t\t\t\t<div class=\"elementor-widget-container\">\n\t\t\t\t\t<p class=\"elementor-heading-title elementor-size-default\">Unsere Mitarbeiter sind in verschiedenen Bereichen \u00fcber Ihre Ausbildung hinweg geschult.<\/p>\t\t\t\t<\/div>\n\t\t\t\t<\/div>\n\t\t<div class=\"elementor-element elementor-element-39d8dfc0 e-con-full e-flex e-con e-child\" data-id=\"39d8dfc0\" data-element_type=\"container\" data-e-type=\"container\">\n\t\t<div class=\"elementor-element elementor-element-e0978a1 e-con-full e-flex e-con e-child\" data-id=\"e0978a1\" data-element_type=\"container\" data-e-type=\"container\">\n\t\t\t\t<div class=\"elementor-element elementor-element-12e789e1 elementor-position-top elementor-widget elementor-widget-image-box\" data-id=\"12e789e1\" data-element_type=\"widget\" data-e-type=\"widget\" data-widget_type=\"image-box.default\">\n\t\t\t\t<div class=\"elementor-widget-container\">\n\t\t\t\t\t<div class=\"elementor-image-box-wrapper\"><figure class=\"elementor-image-box-img\"><a href=\"https:\/\/elektroteq.de\/leistungen\/#smarthome\" tabindex=\"-1\"><img loading=\"lazy\" decoding=\"async\" width=\"2560\" height=\"1600\" src=\"https:\/\/elektroteq.de\/wp-content\/uploads\/2024\/07\/Smarthome_2.jpg\" class=\"elementor-animation-grow attachment-full size-full wp-image-108\" alt=\"\" srcset=\"https:\/\/elektroteq.de\/wp-content\/uploads\/2024\/07\/Smarthome_2.jpg 2560w, https:\/\/elektroteq.de\/wp-content\/uploads\/2024\/07\/Smarthome_2-300x188.jpg 300w, https:\/\/elektroteq.de\/wp-content\/uploads\/2024\/07\/Smarthome_2-1024x640.jpg 1024w, https:\/\/elektroteq.de\/wp-content\/uploads\/2024\/07\/Smarthome_2-768x480.jpg 768w, https:\/\/elektroteq.de\/wp-content\/uploads\/2024\/07\/Smarthome_2-1536x960.jpg 1536w, https:\/\/elektroteq.de\/wp-content\/uploads\/2024\/07\/Smarthome_2-2048x1280.jpg 2048w\" sizes=\"(max-width: 2560px) 100vw, 2560px\" \/><\/a><\/figure><div class=\"elementor-image-box-content\"><h4 class=\"elementor-image-box-title\"><a href=\"https:\/\/elektroteq.de\/leistungen\/#smarthome\">Smart Home<\/a><\/h4><p class=\"elementor-image-box-description\">Ein Smarthome ist ein Zuhause, das mit vernetzten Ger\u00e4ten und Technologien ausgestattet ist, die \u00fcber das Internet miteinander kommunizieren und zentral gesteuert werden k\u00f6nnen. Diese Ger\u00e4te umfassen unter anderem intelligente Beleuchtung, Thermostate, Sicherheitskameras, T\u00fcrschl\u00f6sser, Haushaltsger\u00e4te und Unterhaltungssysteme.<\/p><\/div><\/div>\t\t\t\t<\/div>\n\t\t\t\t<\/div>\n\t\t\t\t<\/div>\n\t\t<div class=\"elementor-element elementor-element-5c2a2141 e-con-full e-flex e-con e-child\" data-id=\"5c2a2141\" data-element_type=\"container\" data-e-type=\"container\">\n\t\t\t\t<div class=\"elementor-element elementor-element-8c0f22f elementor-position-top elementor-widget elementor-widget-image-box\" data-id=\"8c0f22f\" data-element_type=\"widget\" data-e-type=\"widget\" data-widget_type=\"image-box.default\">\n\t\t\t\t<div class=\"elementor-widget-container\">\n\t\t\t\t\t<div class=\"elementor-image-box-wrapper\"><figure class=\"elementor-image-box-img\"><a href=\"https:\/\/elektroteq.de\/leistungen\/#wallbox\" tabindex=\"-1\"><img decoding=\"async\" src=\"https:\/\/elektroteq.de\/wp-content\/uploads\/elementor\/thumbs\/Myenergi-zappi-header-1200x480-1-qqj3a1dkix1xz9j4nlrr9yur42jwvjo75y1dpxxbli.jpg\" title=\"Myenergi-zappi-header-1200&#215;480\" alt=\"Myenergi-zappi-header-1200x480\" class=\"elementor-animation-grow\" loading=\"lazy\" \/><\/a><\/figure><div class=\"elementor-image-box-content\"><h4 class=\"elementor-image-box-title\"><a href=\"https:\/\/elektroteq.de\/leistungen\/#wallbox\">E-Mobilit\u00e4t<\/a><\/h4><p class=\"elementor-image-box-description\">Wir sind zertifizierter Fachpartner von myenergi. \nUnsere Fachkr\u00e4fte verf\u00fcgen \u00fcber umfassende Erfahrung in der Installation von Ladeinfrastruktur f\u00fcr Elektrofahrzeuge. Sie k\u00f6nnen sich darauf verlassen, dass Ihre Wallbox fachgerecht installiert wird.<\/p><\/div><\/div>\t\t\t\t<\/div>\n\t\t\t\t<\/div>\n\t\t\t\t<\/div>\n\t\t<div class=\"elementor-element elementor-element-160b452e e-con-full e-flex e-con e-child\" data-id=\"160b452e\" data-element_type=\"container\" data-e-type=\"container\">\n\t\t\t\t<div class=\"elementor-element elementor-element-485246cd elementor-position-top elementor-widget elementor-widget-image-box\" data-id=\"485246cd\" data-element_type=\"widget\" data-e-type=\"widget\" data-widget_type=\"image-box.default\">\n\t\t\t\t<div class=\"elementor-widget-container\">\n\t\t\t\t\t<div class=\"elementor-image-box-wrapper\"><figure class=\"elementor-image-box-img\"><a href=\"https:\/\/elektroteq.de\/leistungen\/#pv\" tabindex=\"-1\"><img decoding=\"async\" src=\"https:\/\/elektroteq.de\/wp-content\/uploads\/elementor\/thumbs\/IMG_1720-scaled-qqj38nk38udj1tyzki2hu1ed4yz0yvbct85upednka.jpg\" title=\"IMG_1720\" alt=\"IMG_1720\" class=\"elementor-animation-grow\" loading=\"lazy\" \/><\/a><\/figure><div class=\"elementor-image-box-content\"><h4 class=\"elementor-image-box-title\"><a href=\"https:\/\/elektroteq.de\/leistungen\/#pv\">PV-Anlagen<\/a><\/h4><p class=\"elementor-image-box-description\">Wir sind Ihr kompetenter Partner f\u00fcr die Installation von Photovoltaikanlagen. Mit unserer Erfahrung und Expertise sorgen wir daf\u00fcr, dass Sie effizient und nachhaltig eigenen Solarstrom produzieren. Setzen Sie auf erneuerbare Energien und profitieren Sie von unseren ma\u00dfgeschneiderten L\u00f6sungen f\u00fcr Ihr Zuhause oder Unternehmen. Kontaktieren Sie uns f\u00fcr eine individuelle Beratung und steigern Sie Ihre Energieunabh\u00e4ngigkeit mit modernster Solartechnik.<\/p><\/div><\/div>\t\t\t\t<\/div>\n\t\t\t\t<\/div>\n\t\t\t\t<\/div>\n\t\t<div class=\"elementor-element elementor-element-4322c18f e-con-full e-flex e-con e-child\" data-id=\"4322c18f\" data-element_type=\"container\" data-e-type=\"container\">\n\t\t\t\t<div class=\"elementor-element elementor-element-2d7733aa elementor-position-top elementor-widget elementor-widget-image-box\" data-id=\"2d7733aa\" data-element_type=\"widget\" data-e-type=\"widget\" data-widget_type=\"image-box.default\">\n\t\t\t\t<div class=\"elementor-widget-container\">\n\t\t\t\t\t<div class=\"elementor-image-box-wrapper\"><figure class=\"elementor-image-box-img\"><a href=\"https:\/\/elektroteq.de\/leistungen\/#elektroinstallation\" tabindex=\"-1\"><img decoding=\"async\" src=\"https:\/\/elektroteq.de\/wp-content\/uploads\/elementor\/thumbs\/IMG_1554-scaled-qqj38g1dq638vome9xlbumt9zrkkolxbrnuq3uf3q6.jpg\" title=\"IMG_1554\" alt=\"IMG_1554\" class=\"elementor-animation-grow\" loading=\"lazy\" \/><\/a><\/figure><div class=\"elementor-image-box-content\"><h4 class=\"elementor-image-box-title\"><a href=\"https:\/\/elektroteq.de\/leistungen\/#elektroinstallation\">Elektroinstallation<\/a><\/h4><p class=\"elementor-image-box-description\">Elektroinstallation umfasst die Planung, Montage und Instandhaltung elektrischer Systeme und Anlagen. Dies schlie\u00dft die Verkabelung von Geb\u00e4uden, den Anschluss von Ger\u00e4ten, die Installation von Beleuchtung, Steckdosen und Schaltern sowie die Sicherstellung der Sicherheit und Effizienz des gesamten elektrischen Systems ein. Professionelle Elektroinstallation ist entscheidend f\u00fcr die zuverl\u00e4ssige Stromversorgung und die Vermeidung von Gefahren wie Kurzschl\u00fcssen oder Br\u00e4nden.<\/p><\/div><\/div>\t\t\t\t<\/div>\n\t\t\t\t<\/div>\n\t\t\t\t<\/div>\n\t\t\t\t<\/div>\n\t\t\t\t<\/div>\n\t\t\t\t<\/div>\n\t\t","protected":false},"excerpt":{"rendered":"<p>Lassen Sie uns reden! Wir freuen uns auf Ihr Projekt! Bei Elektroteq erhalten Sie nicht nur erstklassige Fachkompetenz, sondern auch [&hellip;]<\/p>\n","protected":false},"author":1,"featured_media":0,"parent":0,"menu_order":0,"comment_status":"closed","ping_status":"closed","template":"","meta":{"_uag_custom_page_level_css":"","site-sidebar-layout":"default","site-content-layout":"","ast-site-content-layout":"","site-content-style":"default","site-sidebar-style":"default","ast-global-header-display":"","ast-banner-title-visibility":"","ast-main-header-display":"","ast-hfb-above-header-display":"","ast-hfb-below-header-display":"","ast-hfb-mobile-header-display":"","site-post-title":"disabled","ast-breadcrumbs-content":"","ast-featured-img":"","footer-sml-layout":"","ast-disable-related-posts":"","theme-transparent-header-meta":"","adv-header-id-meta":"","stick-header-meta":"","header-above-stick-meta":"","header-main-stick-meta":"","header-below-stick-meta":"","astra-migrate-meta-layouts":"default","ast-page-background-enabled":"default","ast-page-background-meta":{"desktop":{"background-color":"var(--ast-global-color-4)","background-image":"","background-repeat":"repeat","background-position":"center center","background-size":"auto","background-attachment":"scroll","background-type":"","background-media":"","overlay-type":"","overlay-color":"","overlay-opacity":"","overlay-gradient":""},"tablet":{"background-color":"","background-image":"","background-repeat":"repeat","background-position":"center center","background-size":"auto","background-attachment":"scroll","background-type":"","background-media":"","overlay-type":"","overlay-color":"","overlay-opacity":"","overlay-gradient":""},"mobile":{"background-color":"","background-image":"","background-repeat":"repeat","background-position":"center center","background-size":"auto","background-attachment":"scroll","background-type":"","background-media":"","overlay-type":"","overlay-color":"","overlay-opacity":"","overlay-gradient":""}},"ast-content-background-meta":{"desktop":{"background-color":"var(--ast-global-color-5)","background-image":"","background-repeat":"repeat","background-position":"center center","background-size":"auto","background-attachment":"scroll","background-type":"","background-media":"","overlay-type":"","overlay-color":"","overlay-opacity":"","overlay-gradient":""},"tablet":{"background-color":"var(--ast-global-color-5)","background-image":"","background-repeat":"repeat","background-position":"center center","background-size":"auto","background-attachment":"scroll","background-type":"","background-media":"","overlay-type":"","overlay-color":"","overlay-opacity":"","overlay-gradient":""},"mobile":{"background-color":"var(--ast-global-color-5)","background-image":"","background-repeat":"repeat","background-position":"center center","background-size":"auto","background-attachment":"scroll","background-type":"","background-media":"","overlay-type":"","overlay-color":"","overlay-opacity":"","overlay-gradient":""}},"footnotes":""},"class_list":["post-217","page","type-page","status-publish","hentry"],"aioseo_notices":[],"uagb_featured_image_src":{"full":false,"thumbnail":false,"medium":false,"medium_large":false,"large":false,"1536x1536":false,"2048x2048":false},"uagb_author_info":{"display_name":"admin","author_link":"https:\/\/elektroteq.de\/start\/author\/admin\/"},"uagb_comment_info":0,"uagb_excerpt":"Lassen Sie uns reden! Wir freuen uns auf Ihr Projekt! Bei Elektroteq erhalten Sie nicht nur erstklassige Fachkompetenz, sondern auch [&hellip;]","_links":{"self":[{"href":"https:\/\/elektroteq.de\/start\/wp-json\/wp\/v2\/pages\/217","targetHints":{"allow":["GET"]}}],"collection":[{"href":"https:\/\/elektroteq.de\/start\/wp-json\/wp\/v2\/pages"}],"about":[{"href":"https:\/\/elektroteq.de\/start\/wp-json\/wp\/v2\/types\/page"}],"author":[{"embeddable":true,"href":"https:\/\/elektroteq.de\/start\/wp-json\/wp\/v2\/users\/1"}],"replies":[{"embeddable":true,"href":"https:\/\/elektroteq.de\/start\/wp-json\/wp\/v2\/comments?post=217"}],"version-history":[{"count":64,"href":"https:\/\/elektroteq.de\/start\/wp-json\/wp\/v2\/pages\/217\/revisions"}],"predecessor-version":[{"id":1396,"href":"https:\/\/elektroteq.de\/start\/wp-json\/wp\/v2\/pages\/217\/revisions\/1396"}],"wp:attachment":[{"href":"https:\/\/elektroteq.de\/start\/wp-json\/wp\/v2\/media?parent=217"}],"curies":[{"name":"wp","href":"https:\/\/api.w.org\/{rel}","templated":true}]}}